{"id":46,"date":"2025-07-08T11:20:14","date_gmt":"2025-07-08T11:20:14","guid":{"rendered":"https:\/\/himlafriterapi.se\/?page_id=46"},"modified":"2025-09-18T10:04:10","modified_gmt":"2025-09-18T10:04:10","slug":"blog","status":"publish","type":"page","link":"https:\/\/himlafriterapi.se\/en\/blog\/","title":{"rendered":"Posts &amp; Guided Exercises"},"content":{"rendered":"<div data-wp-context=\"{}\" data-wp-interactive=\"core\/query\" data-wp-key=\"10\" data-wp-router-region=\"query-10\" class=\"wp-block-query alignwide is-layout-flow wp-block-query-is-layout-flow\"><ul class=\"wp-block-post-template is-layout-grid wp-container-core-post-template-is-layout-2f500be8 wp-block-post-template-is-layout-grid\"><li data-wp-key=\"post-template-item-456\" class=\"wp-block-post post-456 post type-post status-publish format-standard hentry category-terapi\">\n\n\n<div style=\"margin-top:24px;margin-bottom:8px\" class=\"taxonomy-category has-text-align-center has-link-color wp-elements-e90ecb1a85bfa8cd50a20aed21289fea wp-block-post-terms has-small-font-size\"><a href=\"https:\/\/himlafriterapi.se\/en\/category\/terapi\/\" rel=\"tag\">Terapi<\/a><\/div>\n\n<h2 style=\"font-size:clamp(0.984rem, 0.984rem + ((1vw - 0.2rem) * 0.86), 1.5rem); margin-top:6px;margin-bottom:12px;\" class=\"has-text-align-center wp-block-post-title\"><a href=\"https:\/\/himlafriterapi.se\/en\/ifs\/\" target=\"_self\" >IFS<\/a><\/h2>\n\n<div style=\"margin-top:0;margin-bottom:0;\" class=\"has-text-align-center wp-block-post-excerpt has-small-font-size\"><p class=\"wp-block-post-excerpt__excerpt\">Internal Family Systems (IFS) terapi. Internal Family Systems (IFS) terapi \u00e4r en snabbt v\u00e4xande terapiform, och de flesta som provar den,&hellip;<\/p><p class=\"wp-block-post-excerpt__more-text\"><a class=\"wp-block-post-excerpt__more-link\" href=\"https:\/\/himlafriterapi.se\/en\/ifs\/\">Se hela inl\u00e4gget<\/a><\/p><\/div>\n\n\n<div style=\"height:1.5rem\" aria-hidden=\"true\" class=\"wp-block-spacer\"><\/div>\n\n<\/li><li data-wp-key=\"post-template-item-444\" class=\"wp-block-post post-444 post type-post status-publish format-standard hentry category-allmant-om-terapi\">\n\n\n<div style=\"margin-top:24px;margin-bottom:8px\" class=\"taxonomy-category has-text-align-center has-link-color wp-elements-e90ecb1a85bfa8cd50a20aed21289fea wp-block-post-terms has-small-font-size\"><a href=\"https:\/\/himlafriterapi.se\/en\/category\/allmant-om-terapi\/\" rel=\"tag\">Allm\u00e4nt om terapi<\/a><\/div>\n\n<h2 style=\"font-size:clamp(0.984rem, 0.984rem + ((1vw - 0.2rem) * 0.86), 1.5rem); margin-top:6px;margin-bottom:12px;\" class=\"has-text-align-center wp-block-post-title\"><a href=\"https:\/\/himlafriterapi.se\/en\/444-2\/\" target=\"_self\" >Relationen i rummet<\/a><\/h2>\n\n<div style=\"margin-top:0;margin-bottom:0;\" class=\"has-text-align-center wp-block-post-excerpt has-small-font-size\"><p class=\"wp-block-post-excerpt__excerpt\">En spegling av relationen med dig sj\u00e4lv, dina f\u00f6r\u00e4ldrar och din omgivning Relationen i rummet.&nbsp; Hur mycket av framg\u00e5ngen i terapi&hellip;<\/p><p class=\"wp-block-post-excerpt__more-text\"><a class=\"wp-block-post-excerpt__more-link\" href=\"https:\/\/himlafriterapi.se\/en\/444-2\/\">Se hela inl\u00e4gget<\/a><\/p><\/div>\n\n\n<div style=\"height:1.5rem\" aria-hidden=\"true\" class=\"wp-block-spacer\"><\/div>\n\n<\/li><\/ul>\n\n<\/div>","protected":false},"excerpt":{"rendered":"","protected":false},"author":1,"featured_media":0,"parent":0,"menu_order":0,"comment_status":"closed","ping_status":"closed","template":"","meta":{"_monsterinsights_skip_tracking":false,"_monsterinsights_sitenote_active":false,"_monsterinsights_sitenote_note":"","_monsterinsights_sitenote_category":0,"footnotes":""},"class_list":["post-46","page","type-page","status-publish","hentry"],"aioseo_notices":[],"_links":{"self":[{"href":"https:\/\/himlafriterapi.se\/en\/wp-json\/wp\/v2\/pages\/46","targetHints":{"allow":["GET"]}}],"collection":[{"href":"https:\/\/himlafriterapi.se\/en\/wp-json\/wp\/v2\/pages"}],"about":[{"href":"https:\/\/himlafriterapi.se\/en\/wp-json\/wp\/v2\/types\/page"}],"author":[{"embeddable":true,"href":"https:\/\/himlafriterapi.se\/en\/wp-json\/wp\/v2\/users\/1"}],"replies":[{"embeddable":true,"href":"https:\/\/himlafriterapi.se\/en\/wp-json\/wp\/v2\/comments?post=46"}],"version-history":[{"count":15,"href":"https:\/\/himlafriterapi.se\/en\/wp-json\/wp\/v2\/pages\/46\/revisions"}],"predecessor-version":[{"id":446,"href":"https:\/\/himlafriterapi.se\/en\/wp-json\/wp\/v2\/pages\/46\/revisions\/446"}],"wp:attachment":[{"href":"https:\/\/himlafriterapi.se\/en\/wp-json\/wp\/v2\/media?parent=46"}],"curies":[{"name":"wp","href":"https:\/\/api.w.org\/{rel}","templated":true}]}}