{"id":27,"date":"2025-07-08T09:14:21","date_gmt":"2025-07-08T09:14:21","guid":{"rendered":"https:\/\/himlafriterapi.se\/startsida\/"},"modified":"2025-09-23T08:30:22","modified_gmt":"2025-09-23T08:30:22","slug":"startsida","status":"publish","type":"page","link":"https:\/\/himlafriterapi.se\/en\/","title":{"rendered":"Startsida"},"content":{"rendered":"<div class=\"wp-block-group alignfull has-background-background-color has-background has-global-padding is-layout-constrained wp-container-core-group-is-layout-832022f9 wp-block-group-is-layout-constrained\" style=\"margin-top:0;margin-bottom:0;padding-top:0;padding-right:0;padding-bottom:0;padding-left:0\">\n<div class=\"wp-block-cover alignfull is-light extendify-image-import\" style=\"padding-right:var(--wp--preset--spacing--30);padding-left:var(--wp--preset--spacing--30)\"><img loading=\"lazy\" decoding=\"async\" width=\"1024\" height=\"698\" class=\"wp-block-cover__image-background wp-image-103 size-large\" alt=\"\" src=\"https:\/\/himlafriterapi.se\/wp-content\/uploads\/2025\/08\/header-ocean-1024x698.jpg\" style=\"object-position:52% 100%\" data-object-fit=\"cover\" data-object-position=\"52% 100%\" srcset=\"https:\/\/himlafriterapi.se\/wp-content\/uploads\/2025\/08\/header-ocean-1024x698.jpg 1024w, https:\/\/himlafriterapi.se\/wp-content\/uploads\/2025\/08\/header-ocean-300x204.jpg 300w, https:\/\/himlafriterapi.se\/wp-content\/uploads\/2025\/08\/header-ocean-768x523.jpg 768w, https:\/\/himlafriterapi.se\/wp-content\/uploads\/2025\/08\/header-ocean-1536x1046.jpg 1536w, https:\/\/himlafriterapi.se\/wp-content\/uploads\/2025\/08\/header-ocean.jpg 2048w\" sizes=\"auto, (max-width: 1024px) 100vw, 1024px\" \/><span aria-hidden=\"true\" class=\"wp-block-cover__background has-background-dim-60 has-background-dim\" style=\"background-color:#6da3ab\"><\/span><div class=\"wp-block-cover__inner-container is-layout-flow wp-block-cover-is-layout-flow\">\n<div class=\"wp-block-group has-global-padding is-layout-constrained wp-container-core-group-is-layout-fd821a17 wp-block-group-is-layout-constrained\" style=\"padding-top:var(--wp--preset--spacing--80);padding-right:0;padding-bottom:var(--wp--preset--spacing--80);padding-left:0\">\n<div class=\"wp-block-group alignwide is-vertical is-layout-flex wp-container-core-group-is-layout-fe9cc265 wp-block-group-is-layout-flex\">\n<div class=\"wp-block-group alignwide has-global-padding is-content-justification-left is-layout-constrained wp-container-core-group-is-layout-12dd3699 wp-block-group-is-layout-constrained\">\n<h1 class=\"wp-block-heading has-white-color has-text-color\">Therapy for you<\/h1>\n\n\n\n<p class=\"has-white-color has-text-color\" style=\"margin-top:16px\">You carry a pain that perhaps only you really know. You know deep down that you need to come to a safe place where someone will listen and do everything they can to truly understand you. I will not give up on you. You have the right to get what you need.<\/p>\n<\/div>\n<\/div>\n<\/div>\n<\/div><\/div>\n<\/div>\n\n\n\n<div class=\"wp-block-group alignfull has-custom-cyan-light-background-color has-background has-global-padding is-layout-constrained wp-container-core-group-is-layout-7276a2bb wp-block-group-is-layout-constrained\" id=\"om\" style=\"margin-top:0;margin-bottom:0;padding-top:var(--wp--preset--spacing--60);padding-right:var(--wp--preset--spacing--30);padding-bottom:var(--wp--preset--spacing--60);padding-left:var(--wp--preset--spacing--30)\">\n<div class=\"wp-block-columns alignwide is-layout-flex wp-container-core-columns-is-layout-47c06fe3 wp-block-columns-is-layout-flex\">\n<div class=\"wp-block-column is-layout-flow wp-block-column-is-layout-flow\" style=\"flex-basis:50%\">\n<h2 class=\"wp-block-heading has-large-font-size\">Knowledge, warmth, commitment, patience, compassion and responsiveness.<\/h2>\n<\/div>\n\n\n\n<div class=\"wp-block-column is-layout-flow wp-container-core-column-is-layout-f5bb311e wp-block-column-is-layout-flow\" style=\"flex-basis:50%\">\n<p>At Himlafri Terapi, I strive to offer a safe place to heal, deeply and truly. There is room for both individual therapy, couples therapy and family therapy, with solid experience in working with relationship problems, trauma, complex trauma, anxiety, depression, stress, self-image\/self-esteem, sleep, pain, and much more.<\/p>\n\n\n\n<p>I offer my patience and commitment to work together towards profound change. We will explore past memories to help you leave old painful and destructive patterns behind, while actively focusing on change here and now, and forward. You may discover new insights into what you deeply desire and need, and together we will find paths, strengthen resources and abilities that will take you there. My hope is to gently and warmly guide you, keep your focus firmly on the core of what is important, and help you develop a growing sense of self-esteem, self-compassion, focus, freedom and courage.<\/p>\n\n\n\n<p>The therapy is completely customized to your individual needs and is offered online, which many appreciate because it gives you the freedom to participate from home or wherever you are. You don't have to travel and can create an environment that feels safe and comfortable for you.<\/p>\n<\/div>\n<\/div>\n\n\n\n<div class=\"wp-block-buttons is-layout-flex wp-container-core-buttons-is-layout-12dcd427 wp-block-buttons-is-layout-flex\" style=\"margin-top:var(--wp--preset--spacing--40)\">\n<div class=\"wp-block-button\"><a class=\"wp-block-button__link has-custom-m-rk-bl-color has-custom-gul-background-color has-text-color has-background has-link-color wp-element-button\" href=\"https:\/\/himlafriterapi.se\/en\/om\/\">About me as a therapist<\/a><\/div>\n<\/div>\n<\/div>\n\n\n\n<div class=\"wp-block-group alignfull has-background-background-color has-background has-global-padding is-layout-constrained wp-container-core-group-is-layout-7276a2bb wp-block-group-is-layout-constrained\" style=\"margin-top:0;margin-bottom:0;padding-top:var(--wp--preset--spacing--60);padding-right:var(--wp--preset--spacing--30);padding-bottom:var(--wp--preset--spacing--60);padding-left:var(--wp--preset--spacing--30)\">\n<div class=\"wp-block-group alignwide has-global-padding is-content-justification-center is-layout-constrained wp-block-group-is-layout-constrained\">\n<h2 class=\"wp-block-heading has-text-align-center has-large-font-size\">Method and approach<\/h2>\n\n\n\n<p class=\"has-text-align-center\" style=\"margin-top:16px\">I have long and broad experience of working with a range of different approaches and methods, and can therefore make the therapy flexible and individually adapted to what suits you. If you want to know more about the specific methods, look in \"posts\".<\/p>\n<\/div>\n\n\n\n<div class=\"wp-block-columns alignwide is-layout-flex wp-container-core-columns-is-layout-d0bbbce0 wp-block-columns-is-layout-flex\">\n<div class=\"wp-block-column is-layout-flow wp-block-column-is-layout-flow\">\n<div class=\"wp-block-group is-nowrap is-layout-flex wp-container-core-group-is-layout-58dc1852 wp-block-group-is-layout-flex\">\n<div class=\"wp-block-group wp-container-content-fd3097a4 has-global-padding is-layout-constrained wp-block-group-is-layout-constrained\">\n<figure class=\"wp-block-image size-large extendify-image-import wp-duotone-primary-and-secondary\"><img loading=\"lazy\" decoding=\"async\" width=\"1024\" height=\"938\" src=\"https:\/\/himlafriterapi.se\/wp-content\/uploads\/2025\/07\/himlafriterapi-logo-1024x938.png\" alt=\"\" class=\"wp-image-102\" srcset=\"https:\/\/himlafriterapi.se\/wp-content\/uploads\/2025\/07\/himlafriterapi-logo-1024x938.png 1024w, https:\/\/himlafriterapi.se\/wp-content\/uploads\/2025\/07\/himlafriterapi-logo-300x275.png 300w, https:\/\/himlafriterapi.se\/wp-content\/uploads\/2025\/07\/himlafriterapi-logo-768x704.png 768w, https:\/\/himlafriterapi.se\/wp-content\/uploads\/2025\/07\/himlafriterapi-logo.png 1053w\" sizes=\"auto, (max-width: 1024px) 100vw, 1024px\" \/><\/figure>\n<\/div>\n\n\n\n<div class=\"wp-block-group has-global-padding is-layout-constrained wp-block-group-is-layout-constrained\" style=\"border-radius:4px\">\n<h3 class=\"wp-block-heading\" style=\"font-size:clamp(0.875rem, 0.875rem + ((1vw - 0.2rem) * 0.625), 1.25rem);\">Individual therapy<\/h3>\n\n\n\n<p class=\"has-small-font-size\" style=\"margin-top:8px\">Of all the methods for insight and change, IFS is perhaps the form of therapy I value the most. It is not only effective for what is usually thought of as \u201ctrauma\u201d, but for processing all the experiences, from childhood onwards, that you carry within you, and that have had lasting consequences on your actions, feelings, relationships and self-esteem. I would describe it as a way to unlock possibilities that previously felt inaccessible, create understanding for the \u201cmess within\u201d and pave a clear, accessible path for what is at the core of all successful therapy: insight, change and growth in body, heart, emotions and mind. The method becomes particularly powerful when it is used empathetically and flexibly, in combination with the collective wisdom from other methods, research and proven experiences \u2013 such as neuroscience, EMDR, somatic therapy, ACT, CFT and more. The key is always personal adaptation, and finding a path that suits you \u2013 I will listen to what YOU need.&nbsp;<br><\/p>\n<\/div>\n<\/div>\n\n\n\n<div class=\"wp-block-group is-nowrap is-layout-flex wp-container-core-group-is-layout-58dc1852 wp-block-group-is-layout-flex\">\n<div class=\"wp-block-group wp-container-content-fd3097a4 has-global-padding is-layout-constrained wp-block-group-is-layout-constrained\">\n<figure class=\"wp-block-image size-large extendify-image-import wp-duotone-primary-and-secondary\"><img loading=\"lazy\" decoding=\"async\" width=\"1024\" height=\"938\" src=\"https:\/\/himlafriterapi.se\/wp-content\/uploads\/2025\/07\/himlafriterapi-logo-1024x938.png\" alt=\"\" class=\"wp-image-102\" srcset=\"https:\/\/himlafriterapi.se\/wp-content\/uploads\/2025\/07\/himlafriterapi-logo-1024x938.png 1024w, https:\/\/himlafriterapi.se\/wp-content\/uploads\/2025\/07\/himlafriterapi-logo-300x275.png 300w, https:\/\/himlafriterapi.se\/wp-content\/uploads\/2025\/07\/himlafriterapi-logo-768x704.png 768w, https:\/\/himlafriterapi.se\/wp-content\/uploads\/2025\/07\/himlafriterapi-logo.png 1053w\" sizes=\"auto, (max-width: 1024px) 100vw, 1024px\" \/><\/figure>\n<\/div>\n\n\n\n<div class=\"wp-block-group has-global-padding is-layout-constrained wp-block-group-is-layout-constrained\" style=\"border-radius:4px\">\n<h3 class=\"wp-block-heading\" style=\"font-size:clamp(0.875rem, 0.875rem + ((1vw - 0.2rem) * 0.625), 1.25rem);\">Couples therapy<\/h3>\n\n\n\n<p class=\"has-small-font-size\" style=\"margin-top:8px\">I also work with couples therapy, and much of the knowledge is linked to the psychology of the individual. The individual affects the relationship, and the relationship affects the individual. In couples therapy, I primarily work in depth with problematic attachment patterns (especially with EFT and IFS) that you have every opportunity to heal together with your partner.&nbsp;<\/p>\n\n\n\n<p>The work consists of discovering the painful patterns that arise in your interactions, both during and between sessions, and with compassion for each other, trying new ground, new ways of speaking, helping, supporting and being with each other, while turning inward and healing your own wounds, so that the relationship can become a source of joy, security and satisfaction.&nbsp;<\/p>\n\n\n\n<p class=\"has-small-font-size\" style=\"margin-top:8px\">Couples therapy does not exclude individual sessions, where each person has the opportunity to deepen their self-awareness and work with personal difficulties, which can be redemptive and strengthening for the relationship.<\/p>\n<\/div>\n<\/div>\n\n\n\n<div class=\"wp-block-group is-nowrap is-layout-flex wp-container-core-group-is-layout-58dc1852 wp-block-group-is-layout-flex\">\n<div class=\"wp-block-group wp-container-content-fd3097a4 has-global-padding is-layout-constrained wp-block-group-is-layout-constrained\">\n<figure class=\"wp-block-image size-large extendify-image-import wp-duotone-primary-and-secondary\"><img loading=\"lazy\" decoding=\"async\" width=\"1024\" height=\"938\" src=\"https:\/\/himlafriterapi.se\/wp-content\/uploads\/2025\/07\/himlafriterapi-logo-1024x938.png\" alt=\"\" class=\"wp-image-102\" srcset=\"https:\/\/himlafriterapi.se\/wp-content\/uploads\/2025\/07\/himlafriterapi-logo-1024x938.png 1024w, https:\/\/himlafriterapi.se\/wp-content\/uploads\/2025\/07\/himlafriterapi-logo-300x275.png 300w, https:\/\/himlafriterapi.se\/wp-content\/uploads\/2025\/07\/himlafriterapi-logo-768x704.png 768w, https:\/\/himlafriterapi.se\/wp-content\/uploads\/2025\/07\/himlafriterapi-logo.png 1053w\" sizes=\"auto, (max-width: 1024px) 100vw, 1024px\" \/><\/figure>\n<\/div>\n\n\n\n<div class=\"wp-block-group has-global-padding is-layout-constrained wp-block-group-is-layout-constrained\" style=\"border-radius:4px\">\n<h3 class=\"wp-block-heading\" style=\"font-size:clamp(0.875rem, 0.875rem + ((1vw - 0.2rem) * 0.625), 1.25rem);\">Family therapy<\/h3>\n\n\n\n<p class=\"has-small-font-size\" style=\"margin-top:8px\">As an extension of the above, I also have experience working with family constellations and the group dynamics that arise when more people live, work, play, and seek both freedom and closeness together. Sometimes you end up in destructive patterns and vicious circles that may need to be reconsidered, loosened and thereby lead to a liberation where everyone can come into their own in a way that expresses their full potential and satisfaction.<\/p>\n\n\n\n<p class=\"has-small-font-size\" style=\"margin-top:8px\">I also have experience in therapy with children and their special needs for concrete, imaginative, creative and empathetic tools and methods.<\/p>\n<\/div>\n<\/div>\n<\/div>\n\n\n\n<div class=\"wp-block-column is-layout-flow wp-block-column-is-layout-flow\">\n<div class=\"wp-block-cover is-light extendify-image-import\" style=\"min-height:499px;aspect-ratio:unset;\"><img loading=\"lazy\" decoding=\"async\" width=\"1024\" height=\"1016\" class=\"wp-block-cover__image-background wp-image-305 size-large\" alt=\"\" src=\"https:\/\/himlafriterapi.se\/wp-content\/uploads\/2025\/08\/Screenshot_20250630_075133_Facebook-1024x1016.jpg\" data-object-fit=\"cover\" srcset=\"https:\/\/himlafriterapi.se\/wp-content\/uploads\/2025\/08\/Screenshot_20250630_075133_Facebook-1024x1016.jpg 1024w, https:\/\/himlafriterapi.se\/wp-content\/uploads\/2025\/08\/Screenshot_20250630_075133_Facebook-300x298.jpg 300w, https:\/\/himlafriterapi.se\/wp-content\/uploads\/2025\/08\/Screenshot_20250630_075133_Facebook-150x150.jpg 150w, https:\/\/himlafriterapi.se\/wp-content\/uploads\/2025\/08\/Screenshot_20250630_075133_Facebook-768x762.jpg 768w, https:\/\/himlafriterapi.se\/wp-content\/uploads\/2025\/08\/Screenshot_20250630_075133_Facebook.jpg 1439w\" sizes=\"auto, (max-width: 1024px) 100vw, 1024px\" \/><span aria-hidden=\"true\" class=\"wp-block-cover__background has-background-dim-0 has-background-dim\" style=\"background-color:#9f9fa0\"><\/span><div class=\"wp-block-cover__inner-container is-layout-flow wp-block-cover-is-layout-flow\">\n<div style=\"height:320px\" aria-hidden=\"true\" class=\"wp-block-spacer\"><\/div>\n<\/div><\/div>\n<\/div>\n<\/div>\n<\/div>\n\n\n\n<div class=\"wp-block-group alignfull has-custom-ljus-bl-background-color has-background has-global-padding is-layout-constrained wp-container-core-group-is-layout-7276a2bb wp-block-group-is-layout-constrained\" id=\"tjanster\" style=\"margin-top:0;margin-bottom:0;padding-top:var(--wp--preset--spacing--60);padding-right:var(--wp--preset--spacing--30);padding-bottom:var(--wp--preset--spacing--60);padding-left:var(--wp--preset--spacing--30)\">\n<div class=\"wp-block-group alignwide is-vertical is-content-justification-center is-layout-flex wp-container-core-group-is-layout-ce155fab wp-block-group-is-layout-flex\">\n<div class=\"wp-block-group has-global-padding is-layout-constrained wp-block-group-is-layout-constrained\">\n<h2 class=\"wp-block-heading has-text-align-left has-large-font-size\">Find balance and harmony with professional therapy<\/h2>\n\n\n\n<p style=\"margin-top:16px\">Think about what suits you or your group best, and book an initial meeting to start a rewarding collaboration that can reach further and deeper than you perhaps could ever imagine.<\/p>\n<\/div>\n<\/div>\n\n\n\n<div class=\"wp-block-columns alignwide is-layout-flex wp-container-core-columns-is-layout-28f84493 wp-block-columns-is-layout-flex\">\n<div class=\"wp-block-column has-background-background-color has-background is-layout-flow wp-block-column-is-layout-flow\" style=\"padding-top:1.5rem;padding-right:1.5rem;padding-bottom:1.5rem;padding-left:1.5rem\">\n<h3 class=\"wp-block-heading\" style=\"font-size:clamp(14px, 0.875rem + ((1vw - 3.2px) * 0.625), 20px);line-height:1.5\">Individual therapy<\/h3>\n\n\n\n<p class=\"has-small-font-size\" style=\"margin-top:8px\">Personally designed therapy based on research-based methods to help you deal with, for example, trauma, anxiety, low self-esteem and stress.<\/p>\n<\/div>\n\n\n\n<div class=\"wp-block-column has-background-background-color has-background is-layout-flow wp-block-column-is-layout-flow\" style=\"padding-top:1.5rem;padding-right:1.5rem;padding-bottom:1.5rem;padding-left:1.5rem\">\n<h3 class=\"wp-block-heading\" style=\"font-size:clamp(14px, 0.875rem + ((1vw - 3.2px) * 0.625), 20px);line-height:1.5\">Couples therapy<\/h3>\n\n\n\n<p class=\"has-small-font-size\" style=\"margin-top:8px\">Couples therapy to deeply strengthen cooperation, trust, joy and confidence together. A strengthening process that can be used both preventively and as support during crises in the relationship.<\/p>\n<\/div>\n\n\n\n<div class=\"wp-block-column has-background-background-color has-background is-layout-flow wp-block-column-is-layout-flow\" style=\"padding-top:1.5rem;padding-right:1.5rem;padding-bottom:1.5rem;padding-left:1.5rem\">\n<h3 class=\"wp-block-heading\" style=\"font-size:clamp(14px, 0.875rem + ((1vw - 3.2px) * 0.625), 20px);line-height:1.5\">Family therapy<\/h3>\n\n\n\n<p class=\"has-small-font-size\" style=\"margin-top:8px\">Therapy with the whole family, in any constellation, to understand and improve the dynamics of relationships, feel more security, pleasure, joy and harmony together.<\/p>\n<\/div>\n<\/div>\n\n\n\n<div class=\"wp-block-buttons is-content-justification-center is-layout-flex wp-container-core-buttons-is-layout-a89b3969 wp-block-buttons-is-layout-flex\">\n<div class=\"wp-block-button is-style-fill\"><a class=\"wp-block-button__link has-custom-gul-background-color has-background wp-element-button\" href=\"https:\/\/himlafriterapi.se\/en\/kontakt\/\">BOOK A MEETING<\/a><\/div>\n<\/div>\n<\/div>\n\n\n\n<div class=\"wp-block-group alignfull has-background-background-color has-background has-global-padding is-layout-constrained wp-container-core-group-is-layout-7276a2bb wp-block-group-is-layout-constrained\" id=\"rekommendationer\" style=\"margin-top:0;margin-bottom:0;padding-top:var(--wp--preset--spacing--60);padding-right:var(--wp--preset--spacing--30);padding-bottom:var(--wp--preset--spacing--60);padding-left:var(--wp--preset--spacing--30)\">\n<div class=\"wp-block-group alignwide is-vertical is-content-justification-center is-layout-flex wp-container-core-group-is-layout-ce155fab wp-block-group-is-layout-flex\">\n<div class=\"wp-block-group has-global-padding is-layout-constrained wp-block-group-is-layout-constrained\">\n<h2 class=\"wp-block-heading has-large-font-size\">Feedback from patients<\/h2>\n\n\n\n<p style=\"margin-top:16px\">Patients' own words:<\/p>\n<\/div>\n<\/div>\n\n\n\n<div class=\"wp-block-columns alignwide is-layout-flex wp-container-core-columns-is-layout-28f84493 wp-block-columns-is-layout-flex\">\n<div class=\"wp-block-column has-tertiary-background-color has-background is-layout-flow wp-block-column-is-layout-flow\">\n<div class=\"wp-block-group has-tertiary-background-color has-background has-global-padding is-layout-constrained wp-container-core-group-is-layout-24fca791 wp-block-group-is-layout-constrained\" style=\"padding-top:var(--wp--preset--spacing--30);padding-right:24px;padding-bottom:var(--wp--preset--spacing--30);padding-left:24px\">\n<p><em>&#8221;<em>Already now I feel that I am healing, that I am calmer and feel better. Every conversation with you is like a warm, caring blanket and I always feel that I am existing then, that I am so in the present and don't want to escape, not now anymore.\"<\/em><\/em><\/p>\n\n\n\n<div class=\"wp-block-group is-nowrap is-layout-flex wp-container-core-group-is-layout-3b4e9d3e wp-block-group-is-layout-flex\">\n<figure class=\"wp-block-image aligncenter size-full is-resized is-style-rounded extendify-image-import\"><img loading=\"lazy\" decoding=\"async\" width=\"256\" height=\"256\" src=\"https:\/\/himlafriterapi.se\/wp-content\/uploads\/2025\/07\/ext-custom-logo-1751965974703.webp\" alt=\"\" class=\"wp-image-6\" style=\"object-fit:cover;width:43px;height:auto\" srcset=\"https:\/\/himlafriterapi.se\/wp-content\/uploads\/2025\/07\/ext-custom-logo-1751965974703.webp 256w, https:\/\/himlafriterapi.se\/wp-content\/uploads\/2025\/07\/ext-custom-logo-1751965974703-150x150.webp 150w\" sizes=\"auto, (max-width: 256px) 100vw, 256px\" \/><\/figure>\n\n\n\n<div class=\"wp-block-group has-global-padding is-layout-constrained wp-block-group-is-layout-constrained\">\n<h4 class=\"wp-block-heading alignwide has-small-font-size\">Anonymous patient<\/h4>\n<\/div>\n<\/div>\n<\/div>\n<\/div>\n\n\n\n<div class=\"wp-block-column is-layout-flow wp-block-column-is-layout-flow\">\n<div class=\"wp-block-group has-tertiary-background-color has-background has-global-padding is-layout-constrained wp-container-core-group-is-layout-24fca791 wp-block-group-is-layout-constrained\" style=\"padding-top:var(--wp--preset--spacing--30);padding-right:24px;padding-bottom:var(--wp--preset--spacing--30);padding-left:24px\">\n<p>&#8221;<em>What I like most about my therapist is that from the first second she made me feel safe. I have been able to open up completely. She is incredibly knowledgeable and guides me in a way that I never thought I could be guided in. She asks simple questions that make me come up with things so easily, things that have been hidden for so many years.\u201d<\/em>&#8221;<\/p>\n\n\n\n<div class=\"wp-block-group is-nowrap is-layout-flex wp-container-core-group-is-layout-3b4e9d3e wp-block-group-is-layout-flex\">\n<figure class=\"wp-block-image aligncenter size-full is-resized is-style-rounded extendify-image-import\"><img loading=\"lazy\" decoding=\"async\" width=\"256\" height=\"256\" src=\"https:\/\/himlafriterapi.se\/wp-content\/uploads\/2025\/07\/ext-custom-logo-1751965974703.webp\" alt=\"\" class=\"wp-image-6\" style=\"object-fit:cover;width:45px;height:auto\" srcset=\"https:\/\/himlafriterapi.se\/wp-content\/uploads\/2025\/07\/ext-custom-logo-1751965974703.webp 256w, https:\/\/himlafriterapi.se\/wp-content\/uploads\/2025\/07\/ext-custom-logo-1751965974703-150x150.webp 150w\" sizes=\"auto, (max-width: 256px) 100vw, 256px\" \/><\/figure>\n\n\n\n<div class=\"wp-block-group has-global-padding is-layout-constrained wp-block-group-is-layout-constrained\">\n<h4 class=\"wp-block-heading has-small-font-size\">Anonymous patient<\/h4>\n<\/div>\n<\/div>\n<\/div>\n<\/div>\n\n\n\n<div class=\"wp-block-column has-tertiary-background-color has-background is-layout-flow wp-block-column-is-layout-flow\">\n<div class=\"wp-block-group has-tertiary-background-color has-background has-global-padding is-layout-constrained wp-container-core-group-is-layout-24fca791 wp-block-group-is-layout-constrained\" style=\"padding-top:var(--wp--preset--spacing--30);padding-right:24px;padding-bottom:var(--wp--preset--spacing--30);padding-left:24px\">\n<p>&#8221;<em>Everything. It's hard to choose just one thing. She's amazing. She makes me feel safe and understood in a way I've never experienced. I usually have a hard time expressing myself to doctors\/psychologists etc. But with Sofia it feels really good. Almost easy actually.\u201d<\/em><\/p>\n\n\n\n<div class=\"wp-block-group is-nowrap is-layout-flex wp-container-core-group-is-layout-3b4e9d3e wp-block-group-is-layout-flex\">\n<figure class=\"wp-block-image aligncenter size-full is-resized is-style-rounded extendify-image-import\"><img loading=\"lazy\" decoding=\"async\" width=\"256\" height=\"256\" src=\"https:\/\/himlafriterapi.se\/wp-content\/uploads\/2025\/07\/ext-custom-logo-1751965974703.webp\" alt=\"\" class=\"wp-image-6\" style=\"object-fit:cover;width:49px;height:auto\" srcset=\"https:\/\/himlafriterapi.se\/wp-content\/uploads\/2025\/07\/ext-custom-logo-1751965974703.webp 256w, https:\/\/himlafriterapi.se\/wp-content\/uploads\/2025\/07\/ext-custom-logo-1751965974703-150x150.webp 150w\" sizes=\"auto, (max-width: 256px) 100vw, 256px\" \/><\/figure>\n\n\n\n<div class=\"wp-block-group has-global-padding is-layout-constrained wp-block-group-is-layout-constrained\">\n<h4 class=\"wp-block-heading has-small-font-size\">Anonymous patient<\/h4>\n<\/div>\n<\/div>\n<\/div>\n<\/div>\n<\/div>\n<\/div>\n\n\n\n<p><\/p>","protected":false},"excerpt":{"rendered":"<p>St\u00f6d f\u00f6r att st\u00e4rka sj\u00e4lvk\u00e4nslan och f\u00f6rb\u00e4ttra relationer Himlafri Terapi str\u00e4var efter att erbjuda trygg och professionell online-terapi som hj\u00e4lper individer och par att \u00f6vervinna utmaningar och hitta balans i livet. Vi v\u00e4rdes\u00e4tter empati, respekt och personlig utveckling som grundpelare i v\u00e5r verksamhet. Vi erbjuder skr\u00e4ddarsydda terapitj\u00e4nster som fokuserar p\u00e5 trauma, \u00e5ngest, relationer och personlig [\u2026]<\/p>","protected":false},"author":1,"featured_media":91,"parent":0,"menu_order":0,"comment_status":"closed","ping_status":"closed","template":"no-title","meta":{"_monsterinsights_skip_tracking":false,"_monsterinsights_sitenote_active":false,"_monsterinsights_sitenote_note":"","_monsterinsights_sitenote_category":0,"footnotes":""},"class_list":["post-27","page","type-page","status-publish","has-post-thumbnail","hentry"],"aioseo_notices":[],"_links":{"self":[{"href":"https:\/\/himlafriterapi.se\/en\/wp-json\/wp\/v2\/pages\/27","targetHints":{"allow":["GET"]}}],"collection":[{"href":"https:\/\/himlafriterapi.se\/en\/wp-json\/wp\/v2\/pages"}],"about":[{"href":"https:\/\/himlafriterapi.se\/en\/wp-json\/wp\/v2\/types\/page"}],"author":[{"embeddable":true,"href":"https:\/\/himlafriterapi.se\/en\/wp-json\/wp\/v2\/users\/1"}],"replies":[{"embeddable":true,"href":"https:\/\/himlafriterapi.se\/en\/wp-json\/wp\/v2\/comments?post=27"}],"version-history":[{"count":32,"href":"https:\/\/himlafriterapi.se\/en\/wp-json\/wp\/v2\/pages\/27\/revisions"}],"predecessor-version":[{"id":462,"href":"https:\/\/himlafriterapi.se\/en\/wp-json\/wp\/v2\/pages\/27\/revisions\/462"}],"wp:featuredmedia":[{"embeddable":true,"href":"https:\/\/himlafriterapi.se\/en\/wp-json\/wp\/v2\/media\/91"}],"wp:attachment":[{"href":"https:\/\/himlafriterapi.se\/en\/wp-json\/wp\/v2\/media?parent=27"}],"curies":[{"name":"wp","href":"https:\/\/api.w.org\/{rel}","templated":true}]}}