{"id":24,"date":"2025-07-08T09:14:19","date_gmt":"2025-07-08T09:14:19","guid":{"rendered":"https:\/\/himlafriterapi.se\/rekommendationer\/"},"modified":"2025-09-16T09:57:15","modified_gmt":"2025-09-16T09:57:15","slug":"rekommendationer","status":"publish","type":"page","link":"https:\/\/himlafriterapi.se\/en\/rekommendationer\/","title":{"rendered":"Stories from patients"},"content":{"rendered":"<div class=\"wp-block-group alignfull has-tertiary-background-color has-background has-global-padding is-layout-constrained wp-container-core-group-is-layout-fb85e995 wp-block-group-is-layout-constrained\" style=\"margin-top:0;margin-bottom:0;padding-top:var(--wp--preset--spacing--60);padding-right:var(--wp--preset--spacing--30);padding-bottom:var(--wp--preset--spacing--60);padding-left:var(--wp--preset--spacing--30)\">\n<div class=\"wp-block-group alignwide has-global-padding is-content-justification-center is-layout-constrained wp-block-group-is-layout-constrained\">\n<h2 class=\"wp-block-heading has-text-align-center has-large-font-size\">Stories from patients<\/h2>\n\n\n\n<p class=\"has-text-align-center\" style=\"margin-top:16px\">Here are some words from patients during and after working together.<\/p>\n<\/div>\n\n\n\n<div class=\"wp-block-columns alignwide is-layout-flex wp-container-core-columns-is-layout-28f84493 wp-block-columns-is-layout-flex\">\n<div class=\"wp-block-column is-vertically-aligned-stretch has-background-background-color has-background is-layout-flow wp-container-core-column-is-layout-8a368f38 wp-block-column-is-layout-flow\" style=\"flex-basis:40%\">\n<figure class=\"wp-block-image size-full extendify-image-import\"><img loading=\"lazy\" decoding=\"async\" width=\"1024\" height=\"1024\" src=\"https:\/\/himlafriterapi.se\/wp-content\/uploads\/2025\/09\/5d2c95c2-8813-4e3c-9ed4-bb6ec9e12ead.jpg\" alt=\"\" class=\"wp-image-377\" style=\"aspect-ratio:1.7777777777777777;object-fit:cover\" srcset=\"https:\/\/himlafriterapi.se\/wp-content\/uploads\/2025\/09\/5d2c95c2-8813-4e3c-9ed4-bb6ec9e12ead.jpg 1024w, https:\/\/himlafriterapi.se\/wp-content\/uploads\/2025\/09\/5d2c95c2-8813-4e3c-9ed4-bb6ec9e12ead-300x300.jpg 300w, https:\/\/himlafriterapi.se\/wp-content\/uploads\/2025\/09\/5d2c95c2-8813-4e3c-9ed4-bb6ec9e12ead-150x150.jpg 150w, https:\/\/himlafriterapi.se\/wp-content\/uploads\/2025\/09\/5d2c95c2-8813-4e3c-9ed4-bb6ec9e12ead-768x768.jpg 768w\" sizes=\"auto, (max-width: 1024px) 100vw, 1024px\" \/><\/figure>\n\n\n\n<div class=\"wp-block-group has-background-background-color has-background has-global-padding is-content-justification-center is-layout-constrained wp-container-core-group-is-layout-450fa432 wp-block-group-is-layout-constrained\" style=\"padding-top:var(--wp--preset--spacing--40);padding-right:var(--wp--preset--spacing--30);padding-bottom:var(--wp--preset--spacing--40);padding-left:var(--wp--preset--spacing--30)\">\n<h3 class=\"wp-block-heading\" style=\"font-size:clamp(1.188rem, 1.188rem + ((1vw - 0.2rem) * 1.153), 1.88rem);\">Growing together.<\/h3>\n\n\n\n<p style=\"margin-top:16px\">Again a big thank you for yesterday, a rewarding and healing conversation. It's so good to have someone who is impartial, and that you are honest and ask both me and P things. And I think it was important for both of us to hear someone else understand our different sides.<\/p>\n\n\n\n<p>Afterwards we have talked and hugged and said that we have developed so much since we met you \u2013 we hang out, we talk and communicate. It is a big change now that neither of us tiptoes around each other and or need to risk anything by asking about things.<\/p>\n\n\n\n<p>I also discovered a few weeks ago that I was getting a lot of life in feelings I had previously had for P but also new ones regarding intimacy. Because we are two people now who have never been so deeply committed to each other and to ourselves.<br><br>When I tell him something that is hard for me, he listens and really understands. He takes it seriously and I no longer feel like I am the only one demanding space in the relationship, but that he now WANT me to take space too. It is so much easier for me to share my thoughts and feelings when I trust that I will not be rejected or called oversensitive.<\/p>\n\n\n\n<p style=\"margin-top:16px\">And this is related to intimacy. I have previously believed that it is enough to love P and know that I want to be with him, then the sex life and feelings will also be there. But it has not worked for me\u2026. And I have felt responsible for this, have blamed my traumas or the lack of love and physical contact I never received from my parents. And I have tried to understand, asked myself why it is different now? That I am so attracted to P in a bubbling way? And it is because I have taken a step forward in the relationship \u2013 and I have not had to push myself \u2013 he has held my hand and said \u201cCome! Come!\u201d It is as if we both understood how, and I now feel that we are discovering each other more and more. Thank you!!! \ufe0f<img loading=\"lazy\" decoding=\"async\" width=\"17\" height=\"17\" src=\"blob:https:\/\/himlafriterapi.se\/16a9c706-c402-4beb-b323-c7654bf2763d\" alt=\"\u2b50\"><img loading=\"lazy\" decoding=\"async\" width=\"17\" height=\"17\" src=\"blob:https:\/\/himlafriterapi.se\/011e06e1-bcf8-4965-ac37-4728fee3caf0\" alt=\"\u2764\ufe0f\">\ufe0f<img loading=\"lazy\" decoding=\"async\" width=\"17\" height=\"17\" src=\"blob:https:\/\/himlafriterapi.se\/cf78aa62-ccde-4e55-9656-bc4d1515d371\" alt=\"\u2b50\">&nbsp;<\/p>\n<\/div>\n<\/div>\n\n\n\n<div class=\"wp-block-column is-layout-flow wp-block-column-is-layout-flow\">\n<div class=\"wp-block-media-text alignwide has-media-on-the-right is-stacked-on-mobile is-image-fill-element extendify-image-import has-background-background-color has-background\" style=\"grid-template-columns:auto 26%\"><div class=\"wp-block-media-text__content\">\n<div class=\"wp-block-group has-global-padding is-content-justification-center is-layout-constrained wp-block-group-is-layout-constrained\" style=\"padding-top:var(--wp--preset--spacing--40);padding-bottom:var(--wp--preset--spacing--40)\">\n<h3 class=\"wp-block-heading\" style=\"font-size:clamp(0.984rem, 0.984rem + ((1vw - 0.2rem) * 0.86), 1.5rem);\">Phases of healing.<\/h3>\n\n\n\n<p style=\"margin-top:16px\">I think I'm starting to believe in myself more, that I can and that I have the strength. At the same time, I understand how weak my belief in myself has been. I've had anxiety that has been simmering and it still flares up from time to time, and I can still feel guilty sometimes when I talk about my parents, about my memories and experiences, or hear an inner voice say that I'm exaggerating or making things up. Those are the words my mother always said. Sometimes I believe those words. But when the anxiety passes, I know that my memories are true.&nbsp;<\/p>\n\n\n\n<p style=\"margin-top:16px\">And the journeys we take in therapy, and the care we take with the memories, are so damn healing and liberating afterwards. I feel that each time I trust the situation and myself more and more\u2026slowly\u2026but I do it! I feel healthier and healthier. I want to get to know myself and become my friend one day \u2013 for real. And I feel that it is starting to happen. I feel that I have a support within me that I didn't have before\u2026that tells me that it is good, because I am growing inside, as if I am about to get up\u2026 And I am starting to feel that I feel very good in my blood. In my soul. My innermost being. It is calmer, much calmer. But I am very tired. Before you, I was damned alert and barely slept but felt so bad and had such anxiety every day. Now I am tired\u2026but I feel good!!<\/p>\n\n\n\n<figure class=\"wp-block-image size-full\"><img loading=\"lazy\" decoding=\"async\" width=\"32\" height=\"32\" src=\"https:\/\/himlafriterapi.se\/wp-content\/uploads\/2025\/09\/image.png\" alt=\"\" class=\"wp-image-379\"\/><\/figure>\n\n\n\n<p style=\"margin-top:16px\">\ufe0f<\/p>\n<\/div>\n<\/div><figure class=\"wp-block-media-text__media\"><img loading=\"lazy\" decoding=\"async\" width=\"230\" height=\"1024\" src=\"https:\/\/himlafriterapi.se\/wp-content\/uploads\/2025\/09\/0bbff488-c6db-492f-b3a6-ebbvve8010c23e.jpg\" alt=\"\" class=\"wp-image-381 size-full\" style=\"object-position:50% 50%\"\/><\/figure><\/div>\n\n\n\n<div class=\"wp-block-media-text alignwide is-stacked-on-mobile is-vertically-aligned-top is-image-fill-element extendify-image-import has-background-background-color has-background\" style=\"grid-template-columns:46% auto\"><figure class=\"wp-block-media-text__media\"><img loading=\"lazy\" decoding=\"async\" width=\"584\" height=\"1024\" src=\"https:\/\/himlafriterapi.se\/wp-content\/uploads\/2025\/09\/6637c693-4f46-41f1-83b6-08753135275c8.jpg\" alt=\"\" class=\"wp-image-378 size-full\" style=\"object-position:50% 50%\" srcset=\"https:\/\/himlafriterapi.se\/wp-content\/uploads\/2025\/09\/6637c693-4f46-41f1-83b6-08753135275c8.jpg 584w, https:\/\/himlafriterapi.se\/wp-content\/uploads\/2025\/09\/6637c693-4f46-41f1-83b6-08753135275c8-171x300.jpg 171w\" sizes=\"auto, (max-width: 584px) 100vw, 584px\" \/><\/figure><div class=\"wp-block-media-text__content\">\n<div class=\"wp-block-group has-global-padding is-layout-constrained wp-block-group-is-layout-constrained\" style=\"padding-top:var(--wp--preset--spacing--40);padding-bottom:var(--wp--preset--spacing--40)\">\n<h3 class=\"wp-block-heading\" style=\"font-size:clamp(0.984rem, 0.984rem + ((1vw - 0.2rem) * 0.86), 1.5rem);\">Growing as a parent.<\/h3>\n\n\n\n<p style=\"margin-top:16px\">I actually feel like I no longer need the last booked session. My relationship with my children, which was the reason I needed guidance and reflection, has been strengthened enormously and I have come to several important insights that help me in difficult situations.<\/p>\n\n\n\n<p style=\"margin-top:16px\">The conversations with you have been so incredibly good for me. Thank you with all my heart <img loading=\"lazy\" decoding=\"async\" width=\"17\" height=\"17\" src=\"blob:https:\/\/himlafriterapi.se\/2d061af3-4935-4875-b2be-bc612a1d5f5b\" alt=\"\u2764\ufe0f\"> because they made me open up and talk about some difficult things for the first time. It feels like I used to look at my story through a filter that is now starting to disappear. Even the way my family communicates and respects each other has changed for the better since I realized my part and role in it all. Once again, thank you, you are awesome!<\/p>\n<\/div>\n<\/div><\/div>\n<\/div>\n<\/div>\n<\/div>\n\n\n\n<div class=\"wp-block-group alignfull has-background-background-color has-background is-nowrap is-layout-flex wp-container-core-group-is-layout-4dccef4a wp-block-group-is-layout-flex\" id=\"rekommendationer\" style=\"margin-top:0;margin-bottom:0;padding-top:var(--wp--preset--spacing--60);padding-right:var(--wp--preset--spacing--30);padding-bottom:var(--wp--preset--spacing--60);padding-left:var(--wp--preset--spacing--30)\">\n<div class=\"wp-block-columns alignwide are-vertically-aligned-center is-layout-flex wp-container-core-columns-is-layout-08c01c1c wp-block-columns-is-layout-flex\">\n<div class=\"wp-block-column is-vertically-aligned-center is-layout-flow wp-block-column-is-layout-flow\" style=\"flex-basis:25%\">\n<div class=\"wp-block-group is-vertical is-layout-flex wp-container-core-group-is-layout-187baabe wp-block-group-is-layout-flex\">\n<figure class=\"wp-block-image aligncenter size-large is-resized is-style-rounded extendify-image-import\"><img loading=\"lazy\" decoding=\"async\" width=\"670\" height=\"1024\" src=\"https:\/\/himlafriterapi.se\/wp-content\/uploads\/2025\/08\/Screenshot_20250521_115025_Photos-1-670x1024.jpg\" alt=\"\" class=\"wp-image-273\" style=\"aspect-ratio:1;object-fit:cover;width:91px;height:auto\" srcset=\"https:\/\/himlafriterapi.se\/wp-content\/uploads\/2025\/08\/Screenshot_20250521_115025_Photos-1-670x1024.jpg 670w, https:\/\/himlafriterapi.se\/wp-content\/uploads\/2025\/08\/Screenshot_20250521_115025_Photos-1-196x300.jpg 196w, https:\/\/himlafriterapi.se\/wp-content\/uploads\/2025\/08\/Screenshot_20250521_115025_Photos-1-768x1173.jpg 768w, https:\/\/himlafriterapi.se\/wp-content\/uploads\/2025\/08\/Screenshot_20250521_115025_Photos-1.jpg 951w\" sizes=\"auto, (max-width: 670px) 100vw, 670px\" \/><\/figure>\n\n\n\n<div class=\"wp-block-group has-global-padding is-layout-constrained wp-block-group-is-layout-constrained\">\n<h4 class=\"wp-block-heading\" style=\"margin-top:18px;font-size:clamp(14px, 0.875rem + ((1vw - 3.2px) * 0.417), 18px);\">Sofia Himlafri<\/h4>\n\n\n\n<p class=\"has-small-font-size\" style=\"margin-top:4px\">Leg. Psychologist<\/p>\n<\/div>\n<\/div>\n<\/div>\n\n\n\n<div class=\"wp-block-column is-vertically-aligned-center is-layout-flow wp-block-column-is-layout-flow\" style=\"flex-basis:66.66%\">\n<p style=\"font-size:clamp(15.747px, 0.984rem + ((1vw - 3.2px) * 0.86), 24px);font-style:normal;font-weight:500;line-height:1.5\">I am extremely happy and deeply grateful for the warm words you share, which give my work even greater meaning.<\/p>\n<\/div>\n<\/div>\n\n\n\n<div class=\"wp-block-group has-tertiary-background-color has-background has-global-padding is-layout-constrained wp-container-core-group-is-layout-a35945ca wp-block-group-is-layout-constrained\" style=\"border-radius:4px;padding-top:var(--wp--preset--spacing--30);padding-right:var(--wp--preset--spacing--30);padding-bottom:var(--wp--preset--spacing--30);padding-left:var(--wp--preset--spacing--30)\">\n<figure class=\"wp-block-image size-large extendify-image-import wp-duotone-primary-foreground\"><img decoding=\"async\" src=\"data:image\/svg+xml;base64,PHN2ZyB4bWxucz0iaHR0cDovL3d3dy53My5vcmcvMjAwMC9zdmciIHdpZHRoPSIxMTYiIGhlaWdodD0iMTkiIGZpbGw9Im5vbmUiIHZpZXdCb3g9IjAgMCAxMTYgMTkiPjxnIGNsaXAtcGF0aD0idXJsKCNhKSI+PHBhdGggZmlsbD0iIzAwMCIgZD0iTTkuMDcuNjEyYy4zNDUtLjgxNiAxLjUxNS0uODE2IDEuODYgMGwyLjAyOCA0LjgyYy4xNDUuMzQzLjQ3My41NzkuODQ5LjYwOGw1LjI2Ni40MTdjLjg5Mi4wNzEgMS4yNTQgMS4xNzEuNTc0IDEuNzQ2TDE1LjYzNSAxMS42YS45ODcuOTg3IDAgMCAwLS4zMjQuOTg1bDEuMjI1IDUuMDc3Yy4yMDguODYtLjc0IDEuNTQtMS41MDMgMS4wOGwtNC41MDgtMi43MjFhMS4wMTYgMS4wMTYgMCAwIDAtMS4wNSAwbC00LjUwOCAyLjcyYy0uNzY0LjQ2MS0xLjcxMS0uMjE5LTEuNTAzLTEuMDc5bDEuMjI1LTUuMDc3YS45ODcuOTg3IDAgMCAwLS4zMjQtLjk4NUwuMzUzIDguMjAzYy0uNjgtLjU3NS0uMzE4LTEuNjc1LjU3NC0xLjc0Nmw1LjI2Ni0uNDE3Yy4zNzctLjAzLjcwNC0uMjY1Ljg1LS42MDlMOS4wNy42MTJabTI0IDBjLjM0NS0uODE2IDEuNTE1LS44MTYgMS44NiAwbDIuMDI4IDQuODJjLjE0NS4zNDMuNDczLjU3OS44NDkuNjA4bDUuMjY2LjQxN2MuODkyLjA3MSAxLjI1NCAxLjE3MS41NzQgMS43NDZMMzkuNjM1IDExLjZhLjk4Ny45ODcgMCAwIDAtLjMyNS45ODVsMS4yMjYgNS4wNzdjLjIwOC44Ni0uNzQgMS41NC0xLjUwMyAxLjA4bC00LjUwOC0yLjcyMWExLjAxNiAxLjAxNiAwIDAgMC0xLjA1IDBsLTQuNTA4IDIuNzJjLS43NjQuNDYxLTEuNzExLS4yMTktMS41MDMtMS4wNzlsMS4yMjUtNS4wNzdhLjk4Ny45ODcgMCAwIDAtLjMyNC0uOTg1bC00LjAxMi0zLjM5NmMtLjY4LS41NzUtLjMxOC0xLjY3NS41NzQtMS43NDZsNS4yNjYtLjQxN2MuMzc2LS4wMy43MDQtLjI2NS44NDktLjYwOWwyLjAyOS00LjgyWm0yNCAwYy4zNDQtLjgxNiAxLjUxNS0uODE2IDEuODU5IDBsMi4wMjkgNC44MmMuMTQ1LjM0My40NzMuNTc5Ljg0OS42MDhsNS4yNjYuNDE3Yy44OTIuMDcxIDEuMjU0IDEuMTcxLjU3NCAxLjc0Nkw2My42MzUgMTEuNmEuOTg3Ljk4NyAwIDAgMC0uMzI1Ljk4NWwxLjIyNiA1LjA3N2MuMjA4Ljg2LS43NCAxLjU0LTEuNTAzIDEuMDhsLTQuNTA5LTIuNzIxYTEuMDE2IDEuMDE2IDAgMCAwLTEuMDQ5IDBsLTQuNTA4IDIuNzJjLS43NjQuNDYxLTEuNzExLS4yMTktMS41MDMtMS4wNzlsMS4yMjUtNS4wNzdhLjk4Ny45ODcgMCAwIDAtLjMyNC0uOTg1bC00LjAxMi0zLjM5NmMtLjY4LS41NzUtLjMxOC0xLjY3NS41NzQtMS43NDZsNS4yNjYtLjQxN2MuMzc2LS4wMy43MDQtLjI2NS44NDktLjYwOWwyLjAyOS00LjgyWm0yNCAwYy4zNDUtLjgxNiAxLjUxNS0uODE2IDEuODU5IDBsMi4wMjkgNC44MmMuMTQ1LjM0My40NzIuNTc5Ljg0OS42MDhsNS4yNjYuNDE3Yy44OTIuMDcxIDEuMjU0IDEuMTcxLjU3NCAxLjc0Nkw4Ny42MzUgMTEuNmEuOTg3Ljk4NyAwIDAgMC0uMzI1Ljk4NWwxLjIyNiA1LjA3N2MuMjA4Ljg2LS43NCAxLjU0LTEuNTAzIDEuMDhsLTQuNTA5LTIuNzIxYTEuMDE2IDEuMDE2IDAgMCAwLTEuMDQ5IDBsLTQuNTA4IDIuNzJjLS43NjQuNDYxLTEuNzExLS4yMTktMS41MDQtMS4wNzlsMS4yMjYtNS4wNzdhLjk4Ny45ODcgMCAwIDAtLjMyNC0uOTg1bC00LjAxMi0zLjM5NmMtLjY4LS41NzUtLjMxOC0xLjY3NS41NzQtMS43NDZsNS4yNjYtLjQxN2MuMzc2LS4wMy43MDQtLjI2NS44NDktLjYwOUw4MS4wNy42MTJabTI0LjAwMSAwYy4zNDMtLjgxNiAxLjUxNC0uODE2IDEuODU4IDBsMi4wMjkgNC44MmMuMTQ1LjM0My40NzIuNTc5Ljg0OC42MDhsNS4yNjYuNDE3Yy44OTMuMDcxIDEuMjU0IDEuMTcxLjU3NSAxLjc0NmwtNC4wMTIgMy4zOTZhLjk4OC45ODggMCAwIDAtLjMyNS45ODVsMS4yMjYgNS4wNzdjLjIwOC44Ni0uNzM5IDEuNTQtMS41MDMgMS4wOGwtNC41MDktMi43MjFhMS4wMTYgMS4wMTYgMCAwIDAtMS4wNDkgMGwtNC41MDggMi43MmMtLjc2NC40NjEtMS43MTEtLjIxOS0xLjUwNC0xLjA3OWwxLjIyNi01LjA3N2EuOTg1Ljk4NSAwIDAgMC0uMzI0LS45ODVsLTQuMDEyLTMuMzk2Yy0uNjgtLjU3NS0uMzE4LTEuNjc1LjU3NC0xLjc0Nmw1LjI2Ni0uNDE3Yy4zNzYtLjAzLjcwNC0uMjY1Ljg0OS0uNjA5bDIuMDI5LTQuODE5WiIvPjwvZz48ZGVmcz48Y2xpcFBhdGggaWQ9ImEiPjxwYXRoIGZpbGw9IiNmZmYiIGQ9Ik0wIDBoMTE2djE4Ljg4OUgweiIvPjwvY2xpcFBhdGg+PC9kZWZzPjwvc3ZnPg==\" alt=\"\"\/><\/figure>\n\n\n\n<p style=\"margin-top:var(--wp--preset--spacing--20);font-style:normal;font-weight:500\"><em>\u201cIt has been fantastic to be able to talk about my deepest sorrows, something I never dared to do until now when I met someone I really feel safe with. To be able to talk about things I haven't told anyone. I feel hopeful. That things can be good in the end.\u201d<\/em><\/p>\n\n\n\n<p style=\"margin-top:var(--wp--preset--spacing--20);font-style:normal;font-weight:500\"><\/p>\n\n\n\n<div class=\"wp-block-group is-nowrap is-layout-flex wp-container-core-group-is-layout-3b4e9d3e wp-block-group-is-layout-flex\">\n<figure class=\"wp-block-image aligncenter size-full is-resized is-style-rounded extendify-image-import\"><img loading=\"lazy\" decoding=\"async\" width=\"256\" height=\"256\" src=\"https:\/\/himlafriterapi.se\/wp-content\/uploads\/2025\/07\/ext-custom-logo-1751965974703.webp\" alt=\"\" class=\"wp-image-6\" style=\"object-fit:cover;width:94px;height:auto\" srcset=\"https:\/\/himlafriterapi.se\/wp-content\/uploads\/2025\/07\/ext-custom-logo-1751965974703.webp 256w, https:\/\/himlafriterapi.se\/wp-content\/uploads\/2025\/07\/ext-custom-logo-1751965974703-150x150.webp 150w\" sizes=\"auto, (max-width: 256px) 100vw, 256px\" \/><\/figure>\n\n\n\n<div class=\"wp-block-group has-global-padding is-layout-constrained wp-block-group-is-layout-constrained\">\n<h4 class=\"wp-block-heading has-small-font-size\">Anonymous patient<\/h4>\n<\/div>\n<\/div>\n<\/div>\n\n\n\n<div class=\"wp-block-group has-tertiary-background-color has-background has-global-padding is-layout-constrained wp-container-core-group-is-layout-a35945ca wp-block-group-is-layout-constrained\" style=\"border-radius:4px;padding-top:var(--wp--preset--spacing--30);padding-right:var(--wp--preset--spacing--30);padding-bottom:var(--wp--preset--spacing--30);padding-left:var(--wp--preset--spacing--30)\">\n<figure class=\"wp-block-image size-large extendify-image-import wp-duotone-primary-foreground\"><img decoding=\"async\" src=\"data:image\/svg+xml;base64,PHN2ZyB4bWxucz0iaHR0cDovL3d3dy53My5vcmcvMjAwMC9zdmciIHdpZHRoPSIxMTYiIGhlaWdodD0iMTkiIGZpbGw9Im5vbmUiIHZpZXdCb3g9IjAgMCAxMTYgMTkiPjxnIGNsaXAtcGF0aD0idXJsKCNhKSI+PHBhdGggZmlsbD0iIzAwMCIgZD0iTTkuMDcuNjEyYy4zNDUtLjgxNiAxLjUxNS0uODE2IDEuODYgMGwyLjAyOCA0LjgyYy4xNDUuMzQzLjQ3My41NzkuODQ5LjYwOGw1LjI2Ni40MTdjLjg5Mi4wNzEgMS4yNTQgMS4xNzEuNTc0IDEuNzQ2TDE1LjYzNSAxMS42YS45ODcuOTg3IDAgMCAwLS4zMjQuOTg1bDEuMjI1IDUuMDc3Yy4yMDguODYtLjc0IDEuNTQtMS41MDMgMS4wOGwtNC41MDgtMi43MjFhMS4wMTYgMS4wMTYgMCAwIDAtMS4wNSAwbC00LjUwOCAyLjcyYy0uNzY0LjQ2MS0xLjcxMS0uMjE5LTEuNTAzLTEuMDc5bDEuMjI1LTUuMDc3YS45ODcuOTg3IDAgMCAwLS4zMjQtLjk4NUwuMzUzIDguMjAzYy0uNjgtLjU3NS0uMzE4LTEuNjc1LjU3NC0xLjc0Nmw1LjI2Ni0uNDE3Yy4zNzctLjAzLjcwNC0uMjY1Ljg1LS42MDlMOS4wNy42MTJabTI0IDBjLjM0NS0uODE2IDEuNTE1LS44MTYgMS44NiAwbDIuMDI4IDQuODJjLjE0NS4zNDMuNDczLjU3OS44NDkuNjA4bDUuMjY2LjQxN2MuODkyLjA3MSAxLjI1NCAxLjE3MS41NzQgMS43NDZMMzkuNjM1IDExLjZhLjk4Ny45ODcgMCAwIDAtLjMyNS45ODVsMS4yMjYgNS4wNzdjLjIwOC44Ni0uNzQgMS41NC0xLjUwMyAxLjA4bC00LjUwOC0yLjcyMWExLjAxNiAxLjAxNiAwIDAgMC0xLjA1IDBsLTQuNTA4IDIuNzJjLS43NjQuNDYxLTEuNzExLS4yMTktMS41MDMtMS4wNzlsMS4yMjUtNS4wNzdhLjk4Ny45ODcgMCAwIDAtLjMyNC0uOTg1bC00LjAxMi0zLjM5NmMtLjY4LS41NzUtLjMxOC0xLjY3NS41NzQtMS43NDZsNS4yNjYtLjQxN2MuMzc2LS4wMy43MDQtLjI2NS44NDktLjYwOWwyLjAyOS00LjgyWm0yNCAwYy4zNDQtLjgxNiAxLjUxNS0uODE2IDEuODU5IDBsMi4wMjkgNC44MmMuMTQ1LjM0My40NzMuNTc5Ljg0OS42MDhsNS4yNjYuNDE3Yy44OTIuMDcxIDEuMjU0IDEuMTcxLjU3NCAxLjc0Nkw2My42MzUgMTEuNmEuOTg3Ljk4NyAwIDAgMC0uMzI1Ljk4NWwxLjIyNiA1LjA3N2MuMjA4Ljg2LS43NCAxLjU0LTEuNTAzIDEuMDhsLTQuNTA5LTIuNzIxYTEuMDE2IDEuMDE2IDAgMCAwLTEuMDQ5IDBsLTQuNTA4IDIuNzJjLS43NjQuNDYxLTEuNzExLS4yMTktMS41MDMtMS4wNzlsMS4yMjUtNS4wNzdhLjk4Ny45ODcgMCAwIDAtLjMyNC0uOTg1bC00LjAxMi0zLjM5NmMtLjY4LS41NzUtLjMxOC0xLjY3NS41NzQtMS43NDZsNS4yNjYtLjQxN2MuMzc2LS4wMy43MDQtLjI2NS44NDktLjYwOWwyLjAyOS00LjgyWm0yNCAwYy4zNDUtLjgxNiAxLjUxNS0uODE2IDEuODU5IDBsMi4wMjkgNC44MmMuMTQ1LjM0My40NzIuNTc5Ljg0OS42MDhsNS4yNjYuNDE3Yy44OTIuMDcxIDEuMjU0IDEuMTcxLjU3NCAxLjc0Nkw4Ny42MzUgMTEuNmEuOTg3Ljk4NyAwIDAgMC0uMzI1Ljk4NWwxLjIyNiA1LjA3N2MuMjA4Ljg2LS43NCAxLjU0LTEuNTAzIDEuMDhsLTQuNTA5LTIuNzIxYTEuMDE2IDEuMDE2IDAgMCAwLTEuMDQ5IDBsLTQuNTA4IDIuNzJjLS43NjQuNDYxLTEuNzExLS4yMTktMS41MDQtMS4wNzlsMS4yMjYtNS4wNzdhLjk4Ny45ODcgMCAwIDAtLjMyNC0uOTg1bC00LjAxMi0zLjM5NmMtLjY4LS41NzUtLjMxOC0xLjY3NS41NzQtMS43NDZsNS4yNjYtLjQxN2MuMzc2LS4wMy43MDQtLjI2NS44NDktLjYwOUw4MS4wNy42MTJabTI0LjAwMSAwYy4zNDMtLjgxNiAxLjUxNC0uODE2IDEuODU4IDBsMi4wMjkgNC44MmMuMTQ1LjM0My40NzIuNTc5Ljg0OC42MDhsNS4yNjYuNDE3Yy44OTMuMDcxIDEuMjU0IDEuMTcxLjU3NSAxLjc0NmwtNC4wMTIgMy4zOTZhLjk4OC45ODggMCAwIDAtLjMyNS45ODVsMS4yMjYgNS4wNzdjLjIwOC44Ni0uNzM5IDEuNTQtMS41MDMgMS4wOGwtNC41MDktMi43MjFhMS4wMTYgMS4wMTYgMCAwIDAtMS4wNDkgMGwtNC41MDggMi43MmMtLjc2NC40NjEtMS43MTEtLjIxOS0xLjUwNC0xLjA3OWwxLjIyNi01LjA3N2EuOTg1Ljk4NSAwIDAgMC0uMzI0LS45ODVsLTQuMDEyLTMuMzk2Yy0uNjgtLjU3NS0uMzE4LTEuNjc1LjU3NC0xLjc0Nmw1LjI2Ni0uNDE3Yy4zNzYtLjAzLjcwNC0uMjY1Ljg0OS0uNjA5bDIuMDI5LTQuODE5WiIvPjwvZz48ZGVmcz48Y2xpcFBhdGggaWQ9ImEiPjxwYXRoIGZpbGw9IiNmZmYiIGQ9Ik0wIDBoMTE2djE4Ljg4OUgweiIvPjwvY2xpcFBhdGg+PC9kZWZzPjwvc3ZnPg==\" alt=\"\"\/><\/figure>\n\n\n\n<p style=\"margin-top:var(--wp--preset--spacing--20);font-style:normal;font-weight:500\"><em>\u201cIt has been fantastic to be able to talk about my deepest sorrows, something I never dared to do until now when I met someone I really feel safe with. To be able to talk about things I haven't told anyone. I feel hopeful. That things can be good in the end.\u201d<\/em><\/p>\n\n\n\n<p style=\"margin-top:var(--wp--preset--spacing--20);font-style:normal;font-weight:500\"><\/p>\n\n\n\n<div class=\"wp-block-group is-nowrap is-layout-flex wp-container-core-group-is-layout-3b4e9d3e wp-block-group-is-layout-flex\">\n<figure class=\"wp-block-image aligncenter size-full is-resized is-style-rounded extendify-image-import\"><img loading=\"lazy\" decoding=\"async\" width=\"256\" height=\"256\" src=\"https:\/\/himlafriterapi.se\/wp-content\/uploads\/2025\/07\/ext-custom-logo-1751965974703.webp\" alt=\"\" class=\"wp-image-6\" style=\"object-fit:cover;width:94px;height:auto\" srcset=\"https:\/\/himlafriterapi.se\/wp-content\/uploads\/2025\/07\/ext-custom-logo-1751965974703.webp 256w, https:\/\/himlafriterapi.se\/wp-content\/uploads\/2025\/07\/ext-custom-logo-1751965974703-150x150.webp 150w\" sizes=\"auto, (max-width: 256px) 100vw, 256px\" \/><\/figure>\n\n\n\n<div class=\"wp-block-group has-global-padding is-layout-constrained wp-block-group-is-layout-constrained\">\n<h4 class=\"wp-block-heading has-small-font-size\">Anonymous patient<\/h4>\n<\/div>\n<\/div>\n<\/div>\n<\/div>\n\n\n\n<div class=\"wp-block-group alignfull has-background-background-color has-background has-global-padding is-layout-constrained wp-container-core-group-is-layout-7276a2bb wp-block-group-is-layout-constrained\" style=\"margin-top:0;margin-bottom:0;padding-top:var(--wp--preset--spacing--60);padding-right:var(--wp--preset--spacing--30);padding-bottom:var(--wp--preset--spacing--60);padding-left:var(--wp--preset--spacing--30)\">\n<div class=\"wp-block-group has-global-padding is-layout-constrained wp-block-group-is-layout-constrained\">\n<h2 class=\"wp-block-heading has-text-align-center has-large-font-size\">Therapy that helps you find your own harmony<\/h2>\n\n\n\n<p class=\"has-text-align-center\" style=\"margin-top:16px\">Book an initial meeting and we'll talk about how we could set up a \"therapy journey\" that suits YOU.<\/p>\n\n\n\n<div class=\"wp-block-buttons is-content-justification-center is-layout-flex wp-container-core-buttons-is-layout-720bcce9 wp-block-buttons-is-layout-flex\">\n<div class=\"wp-block-button\"><a class=\"wp-block-button__link wp-element-button\" href=\"https:\/\/himlafriterapi.se\/en\/kontakt\/\">CONTACT ME<\/a><\/div>\n<\/div>\n<\/div>\n\n\n\n<div style=\"aspect-ratio:16\/9;min-height:unset;\" class=\"wp-block-cover alignwide extendify-image-import has-aspect-ratio\"><img loading=\"lazy\" decoding=\"async\" width=\"1024\" height=\"1024\" class=\"wp-block-cover__image-background wp-image-371 size-full\" alt=\"\" src=\"https:\/\/himlafriterapi.se\/wp-content\/uploads\/2025\/08\/0924da40-590b-426d-babc-71a513dd4aa3.jpg\" data-object-fit=\"cover\" srcset=\"https:\/\/himlafriterapi.se\/wp-content\/uploads\/2025\/08\/0924da40-590b-426d-babc-71a513dd4aa3.jpg 1024w, https:\/\/himlafriterapi.se\/wp-content\/uploads\/2025\/08\/0924da40-590b-426d-babc-71a513dd4aa3-300x300.jpg 300w, https:\/\/himlafriterapi.se\/wp-content\/uploads\/2025\/08\/0924da40-590b-426d-babc-71a513dd4aa3-150x150.jpg 150w, https:\/\/himlafriterapi.se\/wp-content\/uploads\/2025\/08\/0924da40-590b-426d-babc-71a513dd4aa3-768x768.jpg 768w\" sizes=\"auto, (max-width: 1024px) 100vw, 1024px\" \/><span aria-hidden=\"true\" class=\"wp-block-cover__background has-background-dim-0 has-background-dim\" style=\"background-color:#77663d\"><\/span><div class=\"wp-block-cover__inner-container has-global-padding is-layout-constrained wp-block-cover-is-layout-constrained\">\n<div style=\"height:360px\" aria-hidden=\"true\" class=\"wp-block-spacer\"><\/div>\n<\/div><\/div>\n<\/div>","protected":false},"excerpt":{"rendered":"<p>Ber\u00e4ttelser fr\u00e5n patienter H\u00e4r \u00e4r n\u00e5gra ord fr\u00e5n patienter under och efter arbetet tillsammans. Att v\u00e4xa tillsammans. \u00c5terigen ett stort tack f\u00f6r ig\u00e5r, ett givande och helande samtal. Det \u00e4r s\u00e5 bra att ha n\u00e5gon som \u00e4r opartisk med, och att du \u00e4r \u00e4rlig och fr\u00e5gar b\u00e5de mig och P saker. Och jag tror det [&hellip;]<\/p>","protected":false},"author":1,"featured_media":0,"parent":0,"menu_order":0,"comment_status":"closed","ping_status":"closed","template":"no-title","meta":{"_monsterinsights_skip_tracking":false,"_monsterinsights_sitenote_active":false,"_monsterinsights_sitenote_note":"","_monsterinsights_sitenote_category":0,"footnotes":""},"class_list":["post-24","page","type-page","status-publish","hentry"],"aioseo_notices":[],"_links":{"self":[{"href":"https:\/\/himlafriterapi.se\/en\/wp-json\/wp\/v2\/pages\/24","targetHints":{"allow":["GET"]}}],"collection":[{"href":"https:\/\/himlafriterapi.se\/en\/wp-json\/wp\/v2\/pages"}],"about":[{"href":"https:\/\/himlafriterapi.se\/en\/wp-json\/wp\/v2\/types\/page"}],"author":[{"embeddable":true,"href":"https:\/\/himlafriterapi.se\/en\/wp-json\/wp\/v2\/users\/1"}],"replies":[{"embeddable":true,"href":"https:\/\/himlafriterapi.se\/en\/wp-json\/wp\/v2\/comments?post=24"}],"version-history":[{"count":18,"href":"https:\/\/himlafriterapi.se\/en\/wp-json\/wp\/v2\/pages\/24\/revisions"}],"predecessor-version":[{"id":419,"href":"https:\/\/himlafriterapi.se\/en\/wp-json\/wp\/v2\/pages\/24\/revisions\/419"}],"wp:attachment":[{"href":"https:\/\/himlafriterapi.se\/en\/wp-json\/wp\/v2\/media?parent=24"}],"curies":[{"name":"wp","href":"https:\/\/api.w.org\/{rel}","templated":true}]}}