{"id":21,"date":"2025-07-08T09:14:17","date_gmt":"2025-07-08T09:14:17","guid":{"rendered":"https:\/\/himlafriterapi.se\/kontakt\/"},"modified":"2025-09-23T08:28:16","modified_gmt":"2025-09-23T08:28:16","slug":"kontakt","status":"publish","type":"page","link":"https:\/\/himlafriterapi.se\/en\/kontakt\/","title":{"rendered":"Kontakt"},"content":{"rendered":"<h2 class=\"wp-block-heading\" style=\"margin-top:var(--wp--preset--spacing--50);margin-bottom:var(--wp--preset--spacing--50)\">Here for you<\/h2>\n\n\n\n<p>When seeking therapy, you can feel vulnerable and unsure. I understand if you long for a place where you are met with acceptance, commitment and understanding, no matter what you bring with you. I will do my utmost to make you feel that way. You are most welcome to tell me what you need to feel safe, so that together we can face and process the pain you are carrying and help you heal.<\/p>\n\n\n\n<div class=\"wp-block-media-text is-stacked-on-mobile\" style=\"grid-template-columns:18% auto\"><figure class=\"wp-block-media-text__media\"><img loading=\"lazy\" decoding=\"async\" width=\"768\" height=\"1024\" src=\"https:\/\/himlafriterapi.se\/wp-content\/uploads\/2025\/08\/20250611_160912-768x1024.jpg\" alt=\"\" class=\"wp-image-295 size-full\" srcset=\"https:\/\/himlafriterapi.se\/wp-content\/uploads\/2025\/08\/20250611_160912-768x1024.jpg 768w, https:\/\/himlafriterapi.se\/wp-content\/uploads\/2025\/08\/20250611_160912-225x300.jpg 225w, https:\/\/himlafriterapi.se\/wp-content\/uploads\/2025\/08\/20250611_160912-1152x1536.jpg 1152w, https:\/\/himlafriterapi.se\/wp-content\/uploads\/2025\/08\/20250611_160912-1536x2048.jpg 1536w, https:\/\/himlafriterapi.se\/wp-content\/uploads\/2025\/08\/20250611_160912-scaled.jpg 1920w\" sizes=\"auto, (max-width: 768px) 100vw, 768px\" \/><\/figure><div class=\"wp-block-media-text__content\">\n<p>I understand that it may feel distant right now, but no matter what you are going through, wounds can heal and life can gradually change to what you deeply desire. I say this from my own experience \u2013 there is always a way to overcome even the most difficult challenges and obstacles. I will not give up on you. I bring with me broad experience and knowledge from several different methods and approaches, including trauma processing such as EMDR, IFS and somatic therapy, as well as CBT, ACT, AFT, CFT and schema therapy (see \u201cpost\u201d for more information about these methods). I also offer couples therapy with a focus on attachment, family therapy and therapy with children. My area of \u200b\u200bexpertise is precisely helping to change deep and painful patterns that originate early in life.<\/p>\n<\/div><\/div>\n\n\n\n<div class=\"wp-block-group alignfull has-background-background-color has-background has-global-padding is-layout-constrained wp-block-group-is-layout-constrained\" id=\"kontakt\" style=\"margin-top:0;margin-bottom:0;padding-top:var(--wp--preset--spacing--60);padding-bottom:var(--wp--preset--spacing--60)\">\n<div class=\"wp-block-columns alignwide is-layout-flex wp-container-core-columns-is-layout-08c01c1c wp-block-columns-is-layout-flex\">\n<div class=\"wp-block-column is-layout-flow wp-block-column-is-layout-flow\">\n<h2 class=\"wp-block-heading has-large-font-size\">Start your therapy<\/h2>\n\n\n\n<p style=\"margin-top:16px\">Email me, and briefly write in the message what you would like help with, for example individual therapy, couples therapy or family therapy. Please state if you have any special requests for days and times. <\/p>\n\n\n\n<p style=\"margin-top:16px\">Min adress: <a href=\"mailto:himlafriterapi@gmail.com\"><mark style=\"background-color:rgba(0, 0, 0, 0)\" class=\"has-inline-color has-custom-cyan-color\">himlafriterapi@gmail.com<\/mark><\/a><\/p>\n\n\n\n<p style=\"margin-top:16px\">All therapy is done digitally and is offered in Swedish or English. Online therapy means both increased accessibility, and many people appreciate being able to talk from home in a safe and comfortable environment. All the methods I use are excellent for online therapy.<\/p>\n\n\n\n<p>PRICE LIST:<\/p>\n\n\n\n<ul class=\"wp-block-list\">\n<li>30 minutes \u2013 900 SEK<\/li>\n\n\n\n<li>45 minutes \u2013 1400 SEK<\/li>\n\n\n\n<li>60 minutes \u2013 1800 SEK<\/li>\n\n\n\n<li>90 minutes \u2013 2200 SEK<\/li>\n<\/ul>\n<\/div>\n\n\n\n<div class=\"wp-block-column is-layout-flow wp-block-column-is-layout-flow\">\n<figure class=\"wp-block-image size-full\"><img loading=\"lazy\" decoding=\"async\" width=\"1024\" height=\"1024\" src=\"https:\/\/himlafriterapi.se\/wp-content\/uploads\/2025\/09\/663103d1-9436-462f-bb0a-b82fd3bfb322.jpg\" alt=\"\" class=\"wp-image-425\" srcset=\"https:\/\/himlafriterapi.se\/wp-content\/uploads\/2025\/09\/663103d1-9436-462f-bb0a-b82fd3bfb322.jpg 1024w, https:\/\/himlafriterapi.se\/wp-content\/uploads\/2025\/09\/663103d1-9436-462f-bb0a-b82fd3bfb322-300x300.jpg 300w, https:\/\/himlafriterapi.se\/wp-content\/uploads\/2025\/09\/663103d1-9436-462f-bb0a-b82fd3bfb322-150x150.jpg 150w, https:\/\/himlafriterapi.se\/wp-content\/uploads\/2025\/09\/663103d1-9436-462f-bb0a-b82fd3bfb322-768x768.jpg 768w, https:\/\/himlafriterapi.se\/wp-content\/uploads\/2025\/09\/663103d1-9436-462f-bb0a-b82fd3bfb322-12x12.jpg 12w\" sizes=\"auto, (max-width: 1024px) 100vw, 1024px\" \/><\/figure>\n<\/div>\n<\/div>\n<\/div>\n\n\n\n<div class=\"wp-block-group alignfull has-tertiary-background-color has-background has-global-padding is-layout-constrained wp-container-core-group-is-layout-9b19db8b wp-block-group-is-layout-constrained\" style=\"margin-top:0;margin-bottom:0;padding-top:var(--wp--preset--spacing--60);padding-right:var(--wp--preset--spacing--30);padding-bottom:var(--wp--preset--spacing--60);padding-left:var(--wp--preset--spacing--30)\">\n<div class=\"wp-block-media-text alignwide has-media-on-the-right is-stacked-on-mobile is-vertically-aligned-center is-image-fill-element extendify-image-import\" style=\"padding-right:0;padding-left:0;grid-template-columns:auto 37%\"><div class=\"wp-block-media-text__content\">\n<div class=\"wp-block-group has-global-padding is-content-justification-left is-layout-constrained wp-container-core-group-is-layout-cdff7eec wp-block-group-is-layout-constrained\" style=\"padding-top:var(--wp--preset--spacing--30);padding-right:0;padding-bottom:var(--wp--preset--spacing--30);padding-left:0\">\n<h2 class=\"wp-block-heading has-large-font-size\">Online therapy <\/h2>\n\n\n\n<ul style=\"line-height:2\" class=\"wp-block-list has-small-font-size\">\n<li>Flexible times that suit you<\/li>\n\n\n\n<li>Support for individuals, couples and families<\/li>\n\n\n\n<li>Professional help for a range of common challenges such as anxiety, depression, trauma, complex trauma, grief, crisis, relationship problems, low self-esteem, stress and more.<\/li>\n\n\n\n<li>Safe therapy in the peace of your home<\/li>\n\n\n\n<li>Build authentic self-esteem, go beyond just \u201csolving the problem\u201d and anchor yourself in your true self<\/li>\n<\/ul>\n\n\n\n<div class=\"wp-block-buttons is-layout-flex wp-container-core-buttons-is-layout-12dcd427 wp-block-buttons-is-layout-flex\" style=\"margin-top:var(--wp--preset--spacing--40)\">\n<div class=\"wp-block-button\"><a class=\"wp-block-button__link wp-element-button\" href=\"https:\/\/himlafriterapi.se\/en\/tjanster\/\">GET STARTED<\/a><\/div>\n<\/div>\n<\/div>\n<\/div><figure class=\"wp-block-media-text__media\"><img loading=\"lazy\" decoding=\"async\" width=\"1024\" height=\"1024\" src=\"https:\/\/himlafriterapi.se\/wp-content\/uploads\/2025\/09\/9d05a7bd-ed59-47d8-a6b2-23169b188521.jpg\" alt=\"\" class=\"wp-image-453 size-full\" style=\"object-position:50% 50%\" srcset=\"https:\/\/himlafriterapi.se\/wp-content\/uploads\/2025\/09\/9d05a7bd-ed59-47d8-a6b2-23169b188521.jpg 1024w, https:\/\/himlafriterapi.se\/wp-content\/uploads\/2025\/09\/9d05a7bd-ed59-47d8-a6b2-23169b188521-300x300.jpg 300w, https:\/\/himlafriterapi.se\/wp-content\/uploads\/2025\/09\/9d05a7bd-ed59-47d8-a6b2-23169b188521-150x150.jpg 150w, https:\/\/himlafriterapi.se\/wp-content\/uploads\/2025\/09\/9d05a7bd-ed59-47d8-a6b2-23169b188521-768x768.jpg 768w, https:\/\/himlafriterapi.se\/wp-content\/uploads\/2025\/09\/9d05a7bd-ed59-47d8-a6b2-23169b188521-12x12.jpg 12w\" sizes=\"auto, (max-width: 1024px) 100vw, 1024px\" \/><\/figure><\/div>\n<\/div>\n\n\n\n<p><\/p>","protected":false},"excerpt":{"rendered":"<p>H\u00e4r f\u00f6r dig N\u00e4r man s\u00f6ker terapi kan man k\u00e4nna sig s\u00e5rbar och os\u00e4ker. Jag f\u00f6rst\u00e5r om du l\u00e4ngtar efter en plats d\u00e4r du m\u00f6ts med acceptans, engagemang och f\u00f6rst\u00e5else, oavsett vad du tar med dig. Jag kommer g\u00f6ra mitt yttersta f\u00f6r att du ska k\u00e4nna s\u00e5. Du \u00e4r varmt v\u00e4lkommen att ber\u00e4tta vad du [&hellip;]<\/p>","protected":false},"author":1,"featured_media":0,"parent":0,"menu_order":0,"comment_status":"closed","ping_status":"closed","template":"no-title","meta":{"_monsterinsights_skip_tracking":false,"_monsterinsights_sitenote_active":false,"_monsterinsights_sitenote_note":"","_monsterinsights_sitenote_category":0,"footnotes":""},"class_list":["post-21","page","type-page","status-publish","hentry"],"aioseo_notices":[],"_links":{"self":[{"href":"https:\/\/himlafriterapi.se\/en\/wp-json\/wp\/v2\/pages\/21","targetHints":{"allow":["GET"]}}],"collection":[{"href":"https:\/\/himlafriterapi.se\/en\/wp-json\/wp\/v2\/pages"}],"about":[{"href":"https:\/\/himlafriterapi.se\/en\/wp-json\/wp\/v2\/types\/page"}],"author":[{"embeddable":true,"href":"https:\/\/himlafriterapi.se\/en\/wp-json\/wp\/v2\/users\/1"}],"replies":[{"embeddable":true,"href":"https:\/\/himlafriterapi.se\/en\/wp-json\/wp\/v2\/comments?post=21"}],"version-history":[{"count":27,"href":"https:\/\/himlafriterapi.se\/en\/wp-json\/wp\/v2\/pages\/21\/revisions"}],"predecessor-version":[{"id":461,"href":"https:\/\/himlafriterapi.se\/en\/wp-json\/wp\/v2\/pages\/21\/revisions\/461"}],"wp:attachment":[{"href":"https:\/\/himlafriterapi.se\/en\/wp-json\/wp\/v2\/media?parent=21"}],"curies":[{"name":"wp","href":"https:\/\/api.w.org\/{rel}","templated":true}]}}